{"id":1897,"date":"2025-04-22T20:06:30","date_gmt":"2025-04-22T20:06:30","guid":{"rendered":"https:\/\/baharsanlidermacosmetics.com\/?post_type=product&#038;p=1897"},"modified":"2025-05-26T09:00:01","modified_gmt":"2025-05-26T09:00:01","slug":"moisturizing-anti-pore-cleansing-oil-200-ml","status":"publish","type":"product","link":"https:\/\/baharsanlidermacosmetics.com\/?product=moisturizing-anti-pore-cleansing-oil-200-ml","title":{"rendered":"G\u00f6zenek Olu\u015fumu Kar\u015f\u0131t\u0131 Nemlendirici Temizleme Ya\u011f\u0131 200 ml"},"content":{"rendered":"<p>AQUA, PEG-7 GLYCERYL COCOATE, BETAINE, DISODIUM COCOAMPHODIACETATE, LACTIC ACID, TOCOPHEROL, GLYCERIN, PROPYLENE GLYCOL, NIACINAMIDE, HYALURONIC ACID, EQUISETUM ARVENSE EXTRACT, ALLANTOIN, ROSA CANINA LEAF EXTRACT, PARFUM, PISUM SATIVUM SPROUT EXTRACT, PANTHENOL, OLEA EUROPAEA LEAF EXTRACT, ROSMARINUS OFFICINALIS LEAF EXTRACT, POLYSORBATE 20, PERSEA GRATISSIMA LEAF EXTRACT, SALVIA OFFICINALIS LEAF EXTRACT, CITRIC ACID, EDTA, ETHYLHEXYLGLYCERIN, PHENOXYETHANOL<\/p>\n","protected":false},"excerpt":{"rendered":"<p>G\u00f6zenek Olu\u015fumu Kar\u015f\u0131t\u0131 Nemlendirici Temizleme Ya\u011f\u0131n\u0131n yumu\u015fak yap\u0131s\u0131 cildinizi temizlemeye, \u00f6l\u00fc h\u00fccrelerden ar\u0131nd\u0131rmaya, cildi dengelemeye, nemlendirmeye ve makyaja haz\u0131rlamaya yard\u0131mc\u0131 olur. \u0130\u00e7eri\u011findeki bitkisel ekstraktlar\u0131n sinerjik etkisiyle g\u00fcnl\u00fck cilt bak\u0131m\u0131n\u0131z\u0131 sa\u011flar. Zenginle\u015ftirilmi\u015f form\u00fcl\u00fc cildinizde g\u00fcn boyu s\u00fcren canl\u0131 ve taze etki yarat\u0131r. At kuyru\u011fu, Ku\u015fburnu, Bezelye, Zeytin yapra\u011f\u0131, Biberiye, Avocado ve Ada\u00e7ay\u0131 bitki ekstraktlar\u0131yla do\u011fal ve sa\u011fl\u0131kl\u0131 cilt yap\u0131s\u0131 g\u00f6r\u00fcn\u00fcm\u00fcn\u00fcn korunmas\u0131na yard\u0131mc\u0131 olur. Cilt taraf\u0131ndan homojen ve h\u0131zl\u0131 bir emilim g\u00f6sterir. T\u00fcm cilt tipleri i\u00e7in kullan\u0131m\u0131 uygundur. Yeterli miktarda temizleme ya\u011f\u0131n\u0131 y\u00fcz\u00fcn\u00fcz\u00fc \u0131slatt\u0131ktan sonra masaj ile dairesel hareketler uygulayarak 2-3 dakika boyunca temizleyiniz. Daha sonra \u0131l\u0131k su ile durulay\u0131n\u0131z.<\/p>\n<p><em><strong>UYARILAR<\/strong><\/em><\/p>\n<p>Haricen kullan\u0131l\u0131r. Oda s\u0131cakl\u0131\u011f\u0131nda muhafaza ediniz. \u00c7ocuklardan uzak tutunuz.<\/p>\n","protected":false},"featured_media":1884,"template":"","meta":[],"product_brand":[94],"product_cat":[123],"product_tag":[96,124,88,125,126],"class_list":{"0":"post-1897","1":"product","2":"type-product","3":"status-publish","4":"has-post-thumbnail","6":"product_brand-bsc","7":"product_cat-temizleme-yagi","8":"product_tag-gozenek","9":"product_tag-karsiti","10":"product_tag-nemlendirici","11":"product_tag-temizleme","12":"product_tag-yagi","14":"first","15":"outofstock","16":"shipping-taxable","17":"purchasable","18":"product-type-simple"},"_links":{"self":[{"href":"https:\/\/baharsanlidermacosmetics.com\/index.php?rest_route=\/wp\/v2\/product\/1897","targetHints":{"allow":["GET"]}}],"collection":[{"href":"https:\/\/baharsanlidermacosmetics.com\/index.php?rest_route=\/wp\/v2\/product"}],"about":[{"href":"https:\/\/baharsanlidermacosmetics.com\/index.php?rest_route=\/wp\/v2\/types\/product"}],"wp:featuredmedia":[{"embeddable":true,"href":"https:\/\/baharsanlidermacosmetics.com\/index.php?rest_route=\/wp\/v2\/media\/1884"}],"wp:attachment":[{"href":"https:\/\/baharsanlidermacosmetics.com\/index.php?rest_route=%2Fwp%2Fv2%2Fmedia&parent=1897"}],"wp:term":[{"taxonomy":"product_brand","embeddable":true,"href":"https:\/\/baharsanlidermacosmetics.com\/index.php?rest_route=%2Fwp%2Fv2%2Fproduct_brand&post=1897"},{"taxonomy":"product_cat","embeddable":true,"href":"https:\/\/baharsanlidermacosmetics.com\/index.php?rest_route=%2Fwp%2Fv2%2Fproduct_cat&post=1897"},{"taxonomy":"product_tag","embeddable":true,"href":"https:\/\/baharsanlidermacosmetics.com\/index.php?rest_route=%2Fwp%2Fv2%2Fproduct_tag&post=1897"}],"curies":[{"name":"wp","href":"https:\/\/api.w.org\/{rel}","templated":true}]}}