{"id":1896,"date":"2025-04-12T20:04:45","date_gmt":"2025-04-12T20:04:45","guid":{"rendered":"https:\/\/baharsanlidermacosmetics.com\/?post_type=product&#038;p=1896"},"modified":"2025-05-28T19:07:22","modified_gmt":"2025-05-28T19:07:22","slug":"biotin-collagen-complex-shampoo-330-ml","status":"publish","type":"product","link":"https:\/\/baharsanlidermacosmetics.com\/?product=biotin-collagen-complex-shampoo-330-ml","title":{"rendered":"Biotin &amp; Collagen Kompleks \u015eampuan 330 ml"},"content":{"rendered":"<p>AQUA, SODIUM C14-16 OLEFIN SULFONATE, LAURYL GLUCOSIDE, COCAMIDOPROPYL BETAINE, ACRYLATES COPOLYMER, TOCOPHERYL ACETATE, COCAMIDE DEA, BEHENTRIMONIUM CHLORIDE, POLYQUATERNIUM-39, PANTHENOL, COCO-GLUCOSIDE, PERSEA GRATISSIMA LEAF EXTRACT, MACADAMIA TERNIFOLIA SEED OIL, ARGANIA SPINOSA KERNEL OIL, ROSMARINUS OFFICINALIS LEAF EXTRACT, GUAR HYDROXYPROPYLTRIMONIUM CHLORIDE, CITRIC ACID, HYDROLYZED KERATIN, PARFUM, POLYSORBATE 20, NIACINAMIDE, BIOTIN, CAFFEINE, COLLAGEN, ETHYLHEXYLGLYCERIN, PHENOXYETHANOL<\/p>\n","protected":false},"excerpt":{"rendered":"<p>Biotin &amp; Collagen Kompleks \u015eampuan i\u00e7eri\u011findeki Pro Vitamin B5 ve Keratin ile sa\u00e7lar\u0131n\u0131za yo\u011fun bak\u0131m sa\u011flar. Kafein ve Biotin i\u00e7eri\u011fi sa\u00e7lar\u0131n\u0131z\u0131n d\u00f6k\u00fclmesinin engellenmesinde etkilidir. Sa\u00e7lar\u0131n\u0131zda ekstra yumu\u015fakl\u0131k ve kolay tarama sa\u011flar. Sa\u00e7lar\u0131n\u0131za yeterli miktarda uygulad\u0131\u011f\u0131n\u0131z \u015fampuan ile 2-3 dakika sa\u00e7lar\u0131n\u0131za masaj yap\u0131n\u0131z ve ard\u0131ndan durulay\u0131n\u0131z.<\/p>\n<p><em><strong>UYARILAR<\/strong><\/em><\/p>\n<p>Haricen kullan\u0131l\u0131r. Oda s\u0131cakl\u0131\u011f\u0131nda muhafaza ediniz. \u00c7ocuklardan uzak tutunuz.<\/p>\n","protected":false},"featured_media":1887,"template":"","meta":[],"product_brand":[94],"product_cat":[118],"product_tag":[119,120,121,122],"class_list":{"0":"post-1896","1":"product","2":"type-product","3":"status-publish","4":"has-post-thumbnail","6":"product_brand-bsc","7":"product_cat-sampuan","8":"product_tag-biotin","9":"product_tag-collagen","10":"product_tag-kompleks","11":"product_tag-sampuan","13":"first","14":"outofstock","15":"shipping-taxable","16":"purchasable","17":"product-type-simple"},"_links":{"self":[{"href":"https:\/\/baharsanlidermacosmetics.com\/index.php?rest_route=\/wp\/v2\/product\/1896","targetHints":{"allow":["GET"]}}],"collection":[{"href":"https:\/\/baharsanlidermacosmetics.com\/index.php?rest_route=\/wp\/v2\/product"}],"about":[{"href":"https:\/\/baharsanlidermacosmetics.com\/index.php?rest_route=\/wp\/v2\/types\/product"}],"wp:featuredmedia":[{"embeddable":true,"href":"https:\/\/baharsanlidermacosmetics.com\/index.php?rest_route=\/wp\/v2\/media\/1887"}],"wp:attachment":[{"href":"https:\/\/baharsanlidermacosmetics.com\/index.php?rest_route=%2Fwp%2Fv2%2Fmedia&parent=1896"}],"wp:term":[{"taxonomy":"product_brand","embeddable":true,"href":"https:\/\/baharsanlidermacosmetics.com\/index.php?rest_route=%2Fwp%2Fv2%2Fproduct_brand&post=1896"},{"taxonomy":"product_cat","embeddable":true,"href":"https:\/\/baharsanlidermacosmetics.com\/index.php?rest_route=%2Fwp%2Fv2%2Fproduct_cat&post=1896"},{"taxonomy":"product_tag","embeddable":true,"href":"https:\/\/baharsanlidermacosmetics.com\/index.php?rest_route=%2Fwp%2Fv2%2Fproduct_tag&post=1896"}],"curies":[{"name":"wp","href":"https:\/\/api.w.org\/{rel}","templated":true}]}}