{"id":1894,"date":"2025-04-22T19:59:52","date_gmt":"2025-04-22T19:59:52","guid":{"rendered":"https:\/\/baharsanlidermacosmetics.com\/?post_type=product&#038;p=1894"},"modified":"2025-05-28T20:11:09","modified_gmt":"2025-05-28T20:11:09","slug":"vitamin-c-serum-30-ml","status":"publish","type":"product","link":"https:\/\/baharsanlidermacosmetics.com\/?product=vitamin-c-serum-30-ml","title":{"rendered":"C Vitamini Serum 30 ml"},"content":{"rendered":"<p>AQUA, ETHYL ASCORBIC ACID, NIACINAMIDE, ZINC PCA, PROPYLENE GLYCOL, GLYCERIN, ETHYLHEXYLGLYCERIN, PHENOXYETHANOL, HYALURONIC ACID, GLYCYRRHIZA GLABRA ROOT EXTRACT, CITRIC ACID, PANTHENOL, CAFFEINE, PISUM SATIVUM EXTRACT, RUBUS FRUTICOSUS LEAF EXTRACT, ALLANTOIN, RUBUS IDAEUS LEAF EXTRACT, FERULIC ACID, POLYSORBATE 20<\/p>\n","protected":false},"excerpt":{"rendered":"<p>C Vitamini Serum etkin oranda Ethyl Ascorbic Acid, Niacinamide ve Arbutin ile homojen olmayan ten rengi g\u00f6r\u00fcn\u00fcm\u00fcn\u00fcn d\u00fczenlenmesine, leke olu\u015fumunun engellenmesine, cildin ayd\u0131nlat\u0131lmas\u0131na ve sa\u011fl\u0131kl\u0131 cilt yap\u0131s\u0131n\u0131n korunmas\u0131na yard\u0131mc\u0131 olur. Ciltte homojen ve h\u0131zl\u0131 bir emilim g\u00f6sterir. Yeterli miktarda serumu damlal\u0131k ile alarak dairesel ve nazik hareketlerle cildinize uygulay\u0131n\u0131z.<\/p>\n<p><em><strong>UYARILAR<\/strong><\/em><\/p>\n<p>Haricen kullan\u0131l\u0131r. Oda s\u0131cakl\u0131\u011f\u0131nda muhafaza ediniz. \u00c7ocuklardan uzak tutunuz.<\/p>\n","protected":false},"featured_media":1886,"template":"","meta":[],"product_brand":[94],"product_cat":[108],"product_tag":[113,111],"class_list":{"0":"post-1894","1":"product","2":"type-product","3":"status-publish","4":"has-post-thumbnail","6":"product_brand-bsc","7":"product_cat-serum","8":"product_tag-cvit","9":"product_tag-serum","11":"first","12":"outofstock","13":"shipping-taxable","14":"purchasable","15":"product-type-simple"},"_links":{"self":[{"href":"https:\/\/baharsanlidermacosmetics.com\/index.php?rest_route=\/wp\/v2\/product\/1894","targetHints":{"allow":["GET"]}}],"collection":[{"href":"https:\/\/baharsanlidermacosmetics.com\/index.php?rest_route=\/wp\/v2\/product"}],"about":[{"href":"https:\/\/baharsanlidermacosmetics.com\/index.php?rest_route=\/wp\/v2\/types\/product"}],"wp:featuredmedia":[{"embeddable":true,"href":"https:\/\/baharsanlidermacosmetics.com\/index.php?rest_route=\/wp\/v2\/media\/1886"}],"wp:attachment":[{"href":"https:\/\/baharsanlidermacosmetics.com\/index.php?rest_route=%2Fwp%2Fv2%2Fmedia&parent=1894"}],"wp:term":[{"taxonomy":"product_brand","embeddable":true,"href":"https:\/\/baharsanlidermacosmetics.com\/index.php?rest_route=%2Fwp%2Fv2%2Fproduct_brand&post=1894"},{"taxonomy":"product_cat","embeddable":true,"href":"https:\/\/baharsanlidermacosmetics.com\/index.php?rest_route=%2Fwp%2Fv2%2Fproduct_cat&post=1894"},{"taxonomy":"product_tag","embeddable":true,"href":"https:\/\/baharsanlidermacosmetics.com\/index.php?rest_route=%2Fwp%2Fv2%2Fproduct_tag&post=1894"}],"curies":[{"name":"wp","href":"https:\/\/api.w.org\/{rel}","templated":true}]}}