{"id":1892,"date":"2025-04-22T19:57:17","date_gmt":"2025-04-22T19:57:17","guid":{"rendered":"https:\/\/baharsanlidermacosmetics.com\/?post_type=product&#038;p=1892"},"modified":"2025-05-28T18:52:38","modified_gmt":"2025-05-28T18:52:38","slug":"moisturizing-body-lotion-200-ml","status":"publish","type":"product","link":"https:\/\/baharsanlidermacosmetics.com\/?product=moisturizing-body-lotion-200-ml","title":{"rendered":"Nemlendirici V\u00fccut Losyonu 200 ml"},"content":{"rendered":"<p>AQUA, CETEARYL ALCOHOL, CAPRYLIC\/CAPRIC TRIGLYCERIDE, C12-15 ALKYL BENZOATE, GLYCERYL STEARATE, PEG-100 STEARATE, CYCLOPENTASILOXANE, DIMETHICONE, BUTYROSPERMUM PARKII BUTTER, GLYCERIN, PROPYLENE GLYCOL, PHENOXYETHANOL, ETHYLHEXYLGLYCERIN, NIACINAMIDE, HYALURONIC ACID, SACCHARIDE ISOMERATE, SODIUM CITRATE, EQUISETUM ARVENSE EXTRACT, ALLANTOIN, ROSA CANINA LEAF EXTRACT, PARFUM, PISUM SATIVUM SPROUT EXTRACT, PANTHENOL, OLEA EUROPAEA LEAF EXTRACT, ROSMARINUS OFFICINALIS LEAF EXTRACT, POLYSORBATE 20, PERSEA GRATISSIMA LEAF EXTRACT, SALVIA OFFICINALIS LEAF EXTRACT, CITRIC ACID<\/p>\n","protected":false},"excerpt":{"rendered":"<p>Nemlendirici V\u00fccut Losyonu i\u00e7eri\u011findeki yo\u011fun Hyaluronik Asit ve Pentavin\u2019in sinerjik etkisiyle g\u00fcnl\u00fck cilt bak\u0131m\u0131n\u0131z\u0131 sa\u011flar. Zenginle\u015ftirilmi\u015f form\u00fcl\u00fc cildinizde g\u00fcn boyu s\u00fcren canl\u0131 ve taze etki yarat\u0131r. Cildin elastikiyet kazanmas\u0131na, \u00e7evresel fakt\u00f6rlere kar\u015f\u0131 direncinin atmas\u0131na ve sa\u011fl\u0131kl\u0131 cilt yap\u0131s\u0131 g\u00f6r\u00fcn\u00fcm\u00fcn\u00fcn korunmas\u0131na yard\u0131mc\u0131 olur. Cilt taraf\u0131ndan homojen ve h\u0131zl\u0131 bir emilim g\u00f6sterir. T\u00fcm cilt tipleri i\u00e7in kullan\u0131m\u0131 uygundur. Yeterli miktarda losyonu alarak dairesel ve nazik hareketlerle cildinize uygulay\u0131n\u0131z.<\/p>\n<p><em><strong>UYARILAR<\/strong><\/em><\/p>\n<p>Haricen kullan\u0131l\u0131r. Oda s\u0131cakl\u0131\u011f\u0131nda muhafaza ediniz. \u00c7ocuklardan uzak tutunuz.<\/p>\n","protected":false},"featured_media":1882,"template":"","meta":[],"product_brand":[94],"product_cat":[105],"product_tag":[106,88,107],"class_list":{"0":"post-1892","1":"product","2":"type-product","3":"status-publish","4":"has-post-thumbnail","6":"product_brand-bsc","7":"product_cat-losyon","8":"product_tag-losyon","9":"product_tag-nemlendirici","10":"product_tag-vucut","12":"first","13":"instock","14":"featured","15":"shipping-taxable","16":"purchasable","17":"product-type-simple"},"_links":{"self":[{"href":"https:\/\/baharsanlidermacosmetics.com\/index.php?rest_route=\/wp\/v2\/product\/1892","targetHints":{"allow":["GET"]}}],"collection":[{"href":"https:\/\/baharsanlidermacosmetics.com\/index.php?rest_route=\/wp\/v2\/product"}],"about":[{"href":"https:\/\/baharsanlidermacosmetics.com\/index.php?rest_route=\/wp\/v2\/types\/product"}],"wp:featuredmedia":[{"embeddable":true,"href":"https:\/\/baharsanlidermacosmetics.com\/index.php?rest_route=\/wp\/v2\/media\/1882"}],"wp:attachment":[{"href":"https:\/\/baharsanlidermacosmetics.com\/index.php?rest_route=%2Fwp%2Fv2%2Fmedia&parent=1892"}],"wp:term":[{"taxonomy":"product_brand","embeddable":true,"href":"https:\/\/baharsanlidermacosmetics.com\/index.php?rest_route=%2Fwp%2Fv2%2Fproduct_brand&post=1892"},{"taxonomy":"product_cat","embeddable":true,"href":"https:\/\/baharsanlidermacosmetics.com\/index.php?rest_route=%2Fwp%2Fv2%2Fproduct_cat&post=1892"},{"taxonomy":"product_tag","embeddable":true,"href":"https:\/\/baharsanlidermacosmetics.com\/index.php?rest_route=%2Fwp%2Fv2%2Fproduct_tag&post=1892"}],"curies":[{"name":"wp","href":"https:\/\/api.w.org\/{rel}","templated":true}]}}