{"id":1890,"date":"2025-04-22T19:53:04","date_gmt":"2025-04-22T19:53:04","guid":{"rendered":"https:\/\/baharsanlidermacosmetics.com\/?post_type=product&#038;p=1890"},"modified":"2025-05-28T18:52:09","modified_gmt":"2025-05-28T18:52:09","slug":"pore-tightening-aha-bha-tonic-200-ml","status":"publish","type":"product","link":"https:\/\/baharsanlidermacosmetics.com\/?product=pore-tightening-aha-bha-tonic-200-ml","title":{"rendered":"G\u00f6zenek S\u0131k\u0131la\u015ft\u0131r\u0131c\u0131 AHA BHA Tonik 200 ml"},"content":{"rendered":"<p>AQUA, GLYCOLIC ACID, CAFFEINE, ALOE BARBADENSIS LEAF EXTRACT, MALIC ACID, PANTHENOL, SODIUM CITRATE, HYALURONIC ACID, PROPYLENE GLYCOL, SALICYLIC ACID, ALLANTOIN, POLYSORBATE 20, TRIETHANOLAMINE, NIACINAMIDE, SACCHARIDE ISOMERATE, TETRASODIUM EDTA, GLYCERIN, TARTARIC ACID, PHENOXYETHANOL, LACTIC ACID, ASCORBIC ACID, ETHYLHEXYLGLYCERIN, PARFUM, CITRIC ACID<\/p>\n","protected":false},"excerpt":{"rendered":"<p>G\u00f6zenek S\u0131k\u0131la\u015ft\u0131r\u0131c\u0131 AHA BHA Tonik cildinizdeki \u00f6l\u00fc deri, kir ve makyaj kal\u0131nt\u0131lar\u0131n\u0131n ar\u0131nd\u0131r\u0131lmas\u0131nda etkilidir. Yo\u011fun Aloe Vera Ekstrakt\u0131n\u0131n g\u00f6zenek s\u0131k\u0131la\u015ft\u0131r\u0131c\u0131 etkisi ile temiz ve taze etki yarat\u0131r. Yeterli miktarda pamu\u011fa al\u0131nan \u00fcr\u00fcn ile g\u00f6z \u00e7evresine yak\u0131n alanlar hari\u00e7 y\u00fcze uygulan\u0131r. Uygulama sonras\u0131nda durulama gerektirmez.<\/p>\n<p><em><strong>Uyar\u0131lar<\/strong><\/em><\/p>\n<p>Sadece harici kullan\u0131m i\u00e7indir. AHA BHA i\u00e7eri\u011fi sebebiyle ciltte g\u00fcne\u015fe kar\u015f\u0131 hassasiyet olu\u015fturabilir. Uygulamadan sonra g\u00fcne\u015fe \u00e7\u0131kmay\u0131n\u0131z veya g\u00fcne\u015f koruyucu \u00fcr\u00fcn kullan\u0131n\u0131z. \u00dcr\u00fcn\u00fc kullanmadan \u00f6nce cildin k\u00fc\u00e7\u00fck bir b\u00f6l\u00fcm\u00fcnde uygulay\u0131n\u0131z. Hassasiyet olu\u015fmas\u0131 halinde \u00fcr\u00fcn\u00fc kullanmay\u0131 b\u0131rak\u0131n\u0131z. G\u00f6zle temas\u0131ndan ka\u00e7\u0131n\u0131n\u0131z. Oda s\u0131cakl\u0131\u011f\u0131nda, g\u00fcne\u015f \u0131\u015f\u0131\u011f\u0131ndan uzakta ve \u00e7ocuklar\u0131n ula\u015famayaca\u011f\u0131 yerde saklay\u0131n\u0131z.<\/p>\n","protected":false},"featured_media":1880,"template":"","meta":[],"product_brand":[94],"product_cat":[93],"product_tag":[96,103,95],"class_list":{"0":"post-1890","1":"product","2":"type-product","3":"status-publish","4":"has-post-thumbnail","6":"product_brand-bsc","7":"product_cat-tonik","8":"product_tag-gozenek","9":"product_tag-sikilastirici","10":"product_tag-tonik","12":"first","13":"instock","14":"featured","15":"shipping-taxable","16":"purchasable","17":"product-type-simple"},"_links":{"self":[{"href":"https:\/\/baharsanlidermacosmetics.com\/index.php?rest_route=\/wp\/v2\/product\/1890","targetHints":{"allow":["GET"]}}],"collection":[{"href":"https:\/\/baharsanlidermacosmetics.com\/index.php?rest_route=\/wp\/v2\/product"}],"about":[{"href":"https:\/\/baharsanlidermacosmetics.com\/index.php?rest_route=\/wp\/v2\/types\/product"}],"wp:featuredmedia":[{"embeddable":true,"href":"https:\/\/baharsanlidermacosmetics.com\/index.php?rest_route=\/wp\/v2\/media\/1880"}],"wp:attachment":[{"href":"https:\/\/baharsanlidermacosmetics.com\/index.php?rest_route=%2Fwp%2Fv2%2Fmedia&parent=1890"}],"wp:term":[{"taxonomy":"product_brand","embeddable":true,"href":"https:\/\/baharsanlidermacosmetics.com\/index.php?rest_route=%2Fwp%2Fv2%2Fproduct_brand&post=1890"},{"taxonomy":"product_cat","embeddable":true,"href":"https:\/\/baharsanlidermacosmetics.com\/index.php?rest_route=%2Fwp%2Fv2%2Fproduct_cat&post=1890"},{"taxonomy":"product_tag","embeddable":true,"href":"https:\/\/baharsanlidermacosmetics.com\/index.php?rest_route=%2Fwp%2Fv2%2Fproduct_tag&post=1890"}],"curies":[{"name":"wp","href":"https:\/\/api.w.org\/{rel}","templated":true}]}}