{"id":1888,"date":"2025-04-22T19:49:26","date_gmt":"2025-04-22T19:49:26","guid":{"rendered":"https:\/\/baharsanlidermacosmetics.com\/?post_type=product&#038;p=1888"},"modified":"2025-05-28T18:54:27","modified_gmt":"2025-05-28T18:54:27","slug":"intensive-moisturizing-face-cream-50-ml","status":"publish","type":"product","link":"https:\/\/baharsanlidermacosmetics.com\/?product=intensive-moisturizing-face-cream-50-ml","title":{"rendered":"Yo\u011fun Nemlendirici Y\u00fcz Kremi 50 ml"},"content":{"rendered":"<p>AQUA, CETEARYL ALCOHOL, CAPRYLIC\/CAPRIC TRIGLYCERIDE, C12-15 ALKYL BENZOATE, GLYCERYL STEARATE, PEG-100 STEARATE, CYCLOPENTASILOXANE, DIMETHICONE, BUTYROSPERMUM PARKII BUTTER, GLYCERIN, HYALURONIC ACID, HYDROLYZED CORN PROTEIN, SODIUM HYALURONATE CROSSPOLYMER, SODIUM CITRATE, HYDROLYZED HYALURONIC ACID, SODIUM HYALURONATE, SACCHARIDE ISOMERATE, BETA VULGARIS ROOT EXTRACT, HYDROLYZED GLYCOSAMINOGLYCANS, PHENOXYETHANOL, LAURETH-7, ETHYLHEXYLGLYCERIN, TOCOPHEROL, OLEA EUROPAEA OIL, PARFUM, STEARIC ACID, PANTHENOL, CENTELLA ASIATICA EXTRACT, CERAMIDE NP, CERAMIDE AP, CERAMIDE EOP, CITRIC ACID<\/p>\n","protected":false},"excerpt":{"rendered":"<p>Yo\u011fun Nemlendirici Y\u00fcz Kremi t\u00fcm cilt tipleri i\u00e7in \u00f6zel tasarlanm\u0131\u015ft\u0131r. \u0130\u00e7eri\u011findeki Hyaluronic Acid Kompleks ile g\u00fcn boyu taze ve yumu\u015fak bir g\u00f6r\u00fcn\u00fcm sa\u011flar. Zeytinya\u011f\u0131 ve Pro Vitamin B5 cildi derinlemesine besler. Ceramide i\u00e7eri\u011fi ile g\u00fcn boyu nem sa\u011flar. Yeterli miktarda \u00fcr\u00fcn\u00fc alarak cildinize nazik\u00e7e uygulay\u0131n\u0131z.<\/p>\n<p><em><strong>UYARILAR<\/strong><\/em><\/p>\n<p>Haricen kullan\u0131l\u0131r. Oda s\u0131cakl\u0131\u011f\u0131nda muhafaza ediniz. \u00c7ocuklardan uzak tutunuz.<\/p>\n","protected":false},"featured_media":1877,"template":"","meta":[],"product_brand":[94],"product_cat":[85],"product_tag":[86,88,87],"class_list":{"0":"post-1888","1":"product","2":"type-product","3":"status-publish","4":"has-post-thumbnail","6":"product_brand-bsc","7":"product_cat-yuz-kremleri","8":"product_tag-krem","9":"product_tag-nemlendirici","10":"product_tag-yuz","12":"first","13":"instock","14":"featured","15":"shipping-taxable","16":"purchasable","17":"product-type-simple"},"_links":{"self":[{"href":"https:\/\/baharsanlidermacosmetics.com\/index.php?rest_route=\/wp\/v2\/product\/1888","targetHints":{"allow":["GET"]}}],"collection":[{"href":"https:\/\/baharsanlidermacosmetics.com\/index.php?rest_route=\/wp\/v2\/product"}],"about":[{"href":"https:\/\/baharsanlidermacosmetics.com\/index.php?rest_route=\/wp\/v2\/types\/product"}],"wp:featuredmedia":[{"embeddable":true,"href":"https:\/\/baharsanlidermacosmetics.com\/index.php?rest_route=\/wp\/v2\/media\/1877"}],"wp:attachment":[{"href":"https:\/\/baharsanlidermacosmetics.com\/index.php?rest_route=%2Fwp%2Fv2%2Fmedia&parent=1888"}],"wp:term":[{"taxonomy":"product_brand","embeddable":true,"href":"https:\/\/baharsanlidermacosmetics.com\/index.php?rest_route=%2Fwp%2Fv2%2Fproduct_brand&post=1888"},{"taxonomy":"product_cat","embeddable":true,"href":"https:\/\/baharsanlidermacosmetics.com\/index.php?rest_route=%2Fwp%2Fv2%2Fproduct_cat&post=1888"},{"taxonomy":"product_tag","embeddable":true,"href":"https:\/\/baharsanlidermacosmetics.com\/index.php?rest_route=%2Fwp%2Fv2%2Fproduct_tag&post=1888"}],"curies":[{"name":"wp","href":"https:\/\/api.w.org\/{rel}","templated":true}]}}