{"id":1876,"date":"2025-04-22T19:46:34","date_gmt":"2025-04-22T19:46:34","guid":{"rendered":"https:\/\/baharsanlidermacosmetics.com\/?post_type=product&#038;p=1876"},"modified":"2025-05-28T18:54:40","modified_gmt":"2025-05-28T18:54:40","slug":"moisturizing-facial-cleansing-gel-200-ml","status":"publish","type":"product","link":"https:\/\/baharsanlidermacosmetics.com\/?product=moisturizing-facial-cleansing-gel-200-ml","title":{"rendered":"Nemlendirici Y\u00fcz Temizleme Jeli 200 ml"},"content":{"rendered":"<p style=\"text-align: left;\">AQUA, LAURYL GLUCOSIDE, BETAINE, DISODIUM COCOAMPHODIACETATE, LACTIC ACID, TOCOPHEROL, ZINC PCA, SODIUM PCA, GLYCERIN, PROPYLENE GLYCOL, NIACINAMIDE, HYALURONIC ACID, SALICYLIC ACID, EQUISETUM ARVENSE EXTRACT, ALLANTOIN, ROSA CANINA LEAF EXTRACT, PARFUM, PISUM SATIVUM SPROUT EXTRACT, PANTHENOL, OLEA EUROPAEA LEAF EXTRACT, ROSMARINUS OFFICINALIS LEAF EXTRACT, POLYSORBATE 20, PERSEA GRATISSIMA LEAF EXTRACT, SALVIA OFFICINALIS LEAF EXTRACT, CITRIC ACID, EDTA, METHYLCHLOROISOTHIAZOLINONE, METHYLISOTHIAZOLINONE<\/p>\n","protected":false},"excerpt":{"rendered":"<p>Nemlendirici Y\u00fcz Temizleme Jeli cildinizi temizlemeye, \u00f6l\u00fc h\u00fccrelerden ar\u0131nd\u0131rmaya, cildi dengelemeye, nemlendirmeye ve makyaja haz\u0131rlamaya yard\u0131mc\u0131 olur. Akne ve sivilce olu\u015fumuna yatk\u0131n ciltlerde sa\u011fl\u0131kl\u0131 cilt yap\u0131s\u0131n\u0131n korunmas\u0131nda yard\u0131mc\u0131d\u0131r. Zinc PCA cildinizi akne olu\u015fumuna kar\u015f\u0131 korurken i\u00e7eri\u011findeki nemlendirici ajanlar cildinizin g\u00fcn boyu nemli kalmas\u0131n\u0131 sa\u011flar. Yeterli miktarda jeli y\u00fcz\u00fcn\u00fcz\u00fc \u0131slatt\u0131ktan sonra masaj ile dairesel hareketler uygulayarak 2-3 dakika boyunca temizleyiniz. Daha sonra \u0131l\u0131k su ile durulay\u0131n\u0131z.<\/p>\n<p><em><strong>UYARILAR<\/strong><\/em><\/p>\n<p>Haricen kullan\u0131l\u0131r. Oda s\u0131cakl\u0131\u011f\u0131nda muhafaza ediniz. \u00c7ocuklardan uzak tutunuz.<\/p>\n","protected":false},"featured_media":1878,"template":"","meta":[],"product_brand":[94],"product_cat":[101],"product_tag":[102,88],"class_list":{"0":"post-1876","1":"product","2":"type-product","3":"status-publish","4":"has-post-thumbnail","6":"product_brand-bsc","7":"product_cat-jel","8":"product_tag-jel","9":"product_tag-nemlendirici","11":"first","12":"instock","13":"featured","14":"shipping-taxable","15":"purchasable","16":"product-type-simple"},"_links":{"self":[{"href":"https:\/\/baharsanlidermacosmetics.com\/index.php?rest_route=\/wp\/v2\/product\/1876","targetHints":{"allow":["GET"]}}],"collection":[{"href":"https:\/\/baharsanlidermacosmetics.com\/index.php?rest_route=\/wp\/v2\/product"}],"about":[{"href":"https:\/\/baharsanlidermacosmetics.com\/index.php?rest_route=\/wp\/v2\/types\/product"}],"wp:featuredmedia":[{"embeddable":true,"href":"https:\/\/baharsanlidermacosmetics.com\/index.php?rest_route=\/wp\/v2\/media\/1878"}],"wp:attachment":[{"href":"https:\/\/baharsanlidermacosmetics.com\/index.php?rest_route=%2Fwp%2Fv2%2Fmedia&parent=1876"}],"wp:term":[{"taxonomy":"product_brand","embeddable":true,"href":"https:\/\/baharsanlidermacosmetics.com\/index.php?rest_route=%2Fwp%2Fv2%2Fproduct_brand&post=1876"},{"taxonomy":"product_cat","embeddable":true,"href":"https:\/\/baharsanlidermacosmetics.com\/index.php?rest_route=%2Fwp%2Fv2%2Fproduct_cat&post=1876"},{"taxonomy":"product_tag","embeddable":true,"href":"https:\/\/baharsanlidermacosmetics.com\/index.php?rest_route=%2Fwp%2Fv2%2Fproduct_tag&post=1876"}],"curies":[{"name":"wp","href":"https:\/\/api.w.org\/{rel}","templated":true}]}}