{"id":53,"date":"2018-05-29T05:57:46","date_gmt":"2018-05-29T05:57:46","guid":{"rendered":"http:\/\/demo.roadthemes.com\/makali\/?page_id=53"},"modified":"2025-06-09T16:34:36","modified_gmt":"2025-06-09T16:34:36","slug":"about-us","status":"publish","type":"page","link":"https:\/\/baharsanlidermacosmetics.com\/?page_id=53","title":{"rendered":"Hakk\u0131m\u0131zda"},"content":{"rendered":"<div class=\"wpb-content-wrapper\"><div data-vc-full-width=\"true\" data-vc-full-width-init=\"false\" data-vc-stretch-content=\"true\" class=\"vc_row wpb_row vc_row-fluid about-introduce wpb_animate_when_almost_visible wpb_slideInDown slideInDown vc_custom_1749486689702 vc_row-has-fill vc_row-o-full-height vc_row-o-columns-top vc_row-o-equal-height vc_row-o-content-top vc_row-flex\"><div class=\"row-container\"><div class=\"wpb_column vc_column_container vc_col-sm-12\"><div class=\"vc_column-inner\"><div class=\"wpb_wrapper\">\n\t<div  class=\"wpb_single_image wpb_content_element vc_align_center wpb_content_element wpb_animate_when_almost_visible wpb_fadeInDown fadeInDown\">\n\t\t\n\t\t<figure class=\"wpb_wrapper vc_figure\">\n\t\t\t<div class=\"vc_single_image-wrapper   vc_box_border_grey\"><img loading=\"lazy\" decoding=\"async\" width=\"1344\" height=\"576\" src=\"https:\/\/baharsanlidermacosmetics.com\/wp-content\/uploads\/2025\/05\/378647953714470922-min-1.png\" class=\"vc_single_image-img attachment-full\" alt=\"\" title=\"378647953714470922-min\" srcset=\"https:\/\/baharsanlidermacosmetics.com\/wp-content\/uploads\/2025\/05\/378647953714470922-min-1.png 1344w, https:\/\/baharsanlidermacosmetics.com\/wp-content\/uploads\/2025\/05\/378647953714470922-min-1-150x64.png 150w, https:\/\/baharsanlidermacosmetics.com\/wp-content\/uploads\/2025\/05\/378647953714470922-min-1-600x257.png 600w, https:\/\/baharsanlidermacosmetics.com\/wp-content\/uploads\/2025\/05\/378647953714470922-min-1-300x129.png 300w, https:\/\/baharsanlidermacosmetics.com\/wp-content\/uploads\/2025\/05\/378647953714470922-min-1-1024x439.png 1024w, https:\/\/baharsanlidermacosmetics.com\/wp-content\/uploads\/2025\/05\/378647953714470922-min-1-768x329.png 768w, https:\/\/baharsanlidermacosmetics.com\/wp-content\/uploads\/2025\/05\/378647953714470922-min-1-18x8.png 18w, https:\/\/baharsanlidermacosmetics.com\/wp-content\/uploads\/2025\/05\/378647953714470922-min-1-1170x501.png 1170w\" sizes=\"auto, (max-width: 1344px) 100vw, 1344px\" \/><\/div>\n\t\t<\/figure>\n\t<\/div>\n\n\t<div class=\"wpb_text_column wpb_content_element\" >\n\t\t<div class=\"wpb_wrapper\">\n\t\t\t<hr \/>\n<h3 style=\"text-align: center;\"><strong>Bahar \u015eanl\u0131 Dermacosmetics <\/strong><\/h3>\n<h4 style=\"text-align: center;\"><strong>Bilim ve G\u00fcvenin Bulu\u015ftu\u011fu Nokta<\/strong><\/h4>\n<p style=\"text-align: center;\">Sa\u011fl\u0131k ve g\u00fczellik sekt\u00f6r\u00fcndeki 20 y\u0131l\u0131 a\u015fk\u0131n deneyimimizle \u015fekillenen <strong>Bahar \u015eanl\u0131 Dermacosmetics<\/strong>, y\u00fcksek standartlara sahip dermokozmetik \u00e7\u00f6z\u00fcmler sunma misyonuyla yola \u00e7\u0131km\u0131\u015ft\u0131r. Sekiz y\u0131ll\u0131k titiz Ar-Ge \u00e7al\u0131\u015fmalar\u0131 sonucunda geli\u015ftirilen form\u00fcllerimiz, klinik testlerden ba\u015far\u0131yla ge\u00e7mi\u015f ve alan\u0131nda uzman dermatologlar taraf\u0131ndan g\u00fcvenle tavsiye edilmektedir.<\/p>\n<p style=\"text-align: center;\">\u00dcr\u00fcnlerimiz, <strong>non-comedogenic<\/strong> \u00f6zelli\u011fe sahip olup, <strong>etik \u00fcretim prensiplerimiz do\u011frultusunda<\/strong> hi\u00e7bir a\u015famada hayvanlar \u00fczerinde test edilmemi\u015ftir ve <strong>T.C. Sa\u011fl\u0131k Bakanl\u0131\u011f\u0131 onay\u0131na sahiptir<\/strong>. <strong>Nanoteknolojiyle \u00f6zenle geli\u015ftirilen ileri d\u00fczey form\u00fcllerimiz<\/strong>, cildi tahri\u015f etmeden derinlemesine bak\u0131m sa\u011flarken, t\u00fcm cilt tipleri i\u00e7in <strong>g\u00fcvenli, etkili ve yenilik\u00e7i \u00e7\u00f6z\u00fcmler sunmaktad\u0131r<\/strong>.<\/p>\n<p style=\"text-align: center;\"><strong>Bahar \u015eanl\u0131 Dermacosmetics<\/strong>, bilimin \u0131\u015f\u0131\u011f\u0131nda, en y\u00fcksek kalite standartlar\u0131yla geli\u015ftirilmi\u015f \u00fcr\u00fcnleriyle cilt sa\u011fl\u0131\u011f\u0131n\u0131 ve g\u00fczelli\u011fini m\u00fckemmel bir dengeyle bulu\u015fturmaya devam etmektedir.<\/p>\n\n\t\t<\/div>\n\t<\/div>\n<\/div><\/div><\/div><\/div><\/div><div class=\"vc_row-full-width vc_clearfix\"><\/div><div class=\"vc_row wpb_row vc_row-fluid\"><div class=\"row-container\"><div class=\"wpb_column vc_column_container vc_col-sm-12\"><div class=\"vc_column-inner\"><div class=\"wpb_wrapper\">\n\t<div class=\"wpb_raw_code wpb_raw_html wpb_content_element\" >\n\t\t<div class=\"wpb_wrapper\">\n\t\t\t<center><\/center><div id=\"metaslider-id-2755\" style=\"width: 100%; margin: 0 auto;\" class=\"ml-slider-3-108-0 metaslider metaslider-flex metaslider-2755 ml-slider has-dots-nav has-carousel-mode ms-theme-clarity\" role=\"region\" aria-label=\"New Slideshow\" data-height=\"180\" data-width=\"180\">\n    <div id=\"metaslider_container_2755\">\n        <div id=\"metaslider_2755\">\n            <ul class='slides'>\n                <li style=\"display: none; width: 100%;\" class=\"slide-2756 ms-image \" aria-roledescription=\"slide\" data-date=\"2025-05-18 19:01:04\" data-filename=\"icon-1-180x180.png\" data-slide-type=\"image\"><img loading=\"lazy\" decoding=\"async\" src=\"https:\/\/baharsanlidermacosmetics.com\/wp-content\/uploads\/2025\/05\/icon-1-180x180.png\" height=\"180\" width=\"180\" alt=\"\" class=\"slider-2755 slide-2756 msDefaultImage\" title=\"icon-1\" \/><\/li>\n                <li style=\"display: none; width: 100%;\" class=\"slide-2757 ms-image \" aria-roledescription=\"slide\" data-date=\"2025-05-18 19:01:04\" data-filename=\"icon-2-180x180.png\" data-slide-type=\"image\"><img loading=\"lazy\" decoding=\"async\" src=\"https:\/\/baharsanlidermacosmetics.com\/wp-content\/uploads\/2025\/05\/icon-2-180x180.png\" height=\"180\" width=\"180\" alt=\"\" class=\"slider-2755 slide-2757 msDefaultImage\" title=\"icon-2\" \/><\/li>\n                <li style=\"display: none; width: 100%;\" class=\"slide-2758 ms-image \" aria-roledescription=\"slide\" data-date=\"2025-05-18 19:01:04\" data-filename=\"icon-3-180x180.png\" data-slide-type=\"image\"><img loading=\"lazy\" decoding=\"async\" src=\"https:\/\/baharsanlidermacosmetics.com\/wp-content\/uploads\/2025\/05\/icon-3-180x180.png\" height=\"180\" width=\"180\" alt=\"\" class=\"slider-2755 slide-2758 msDefaultImage\" title=\"icon-3\" \/><\/li>\n                <li style=\"display: none; width: 100%;\" class=\"slide-2809 ms-image \" aria-roledescription=\"slide\" data-date=\"2025-05-28 15:07:09\" data-filename=\"icon-1-180x180.png\" data-slide-type=\"image\"><img loading=\"lazy\" decoding=\"async\" src=\"https:\/\/baharsanlidermacosmetics.com\/wp-content\/uploads\/2025\/05\/icon-1-180x180.png\" height=\"180\" width=\"180\" alt=\"\" class=\"slider-2755 slide-2809 msDefaultImage\" title=\"icon-1\" \/><\/li>\n                <li style=\"display: none; width: 100%;\" class=\"slide-2810 ms-image \" aria-roledescription=\"slide\" data-date=\"2025-05-28 15:07:15\" data-filename=\"icon-2-180x180.png\" data-slide-type=\"image\"><img loading=\"lazy\" decoding=\"async\" src=\"https:\/\/baharsanlidermacosmetics.com\/wp-content\/uploads\/2025\/05\/icon-2-180x180.png\" height=\"180\" width=\"180\" alt=\"\" class=\"slider-2755 slide-2810 msDefaultImage\" title=\"icon-2\" \/><\/li>\n                <li style=\"display: none; width: 100%;\" class=\"slide-2811 ms-image \" aria-roledescription=\"slide\" data-date=\"2025-05-28 15:07:21\" data-filename=\"icon-3-180x180.png\" data-slide-type=\"image\"><img loading=\"lazy\" decoding=\"async\" src=\"https:\/\/baharsanlidermacosmetics.com\/wp-content\/uploads\/2025\/05\/icon-3-180x180.png\" height=\"180\" width=\"180\" alt=\"\" class=\"slider-2755 slide-2811 msDefaultImage\" title=\"icon-3\" \/><\/li>\n                <li style=\"display: none; width: 100%;\" class=\"slide-2813 ms-image \" aria-roledescription=\"slide\" data-date=\"2025-05-28 15:09:23\" data-filename=\"icon-2-180x180.png\" data-slide-type=\"image\"><img loading=\"lazy\" decoding=\"async\" src=\"https:\/\/baharsanlidermacosmetics.com\/wp-content\/uploads\/2025\/05\/icon-2-180x180.png\" height=\"180\" width=\"180\" alt=\"\" class=\"slider-2755 slide-2813 msDefaultImage\" title=\"icon-2\" \/><\/li>\n                <li style=\"display: none; width: 100%;\" class=\"slide-2814 ms-image \" aria-roledescription=\"slide\" data-date=\"2025-05-28 15:09:35\" data-filename=\"icon-1-180x180.png\" data-slide-type=\"image\"><img loading=\"lazy\" decoding=\"async\" src=\"https:\/\/baharsanlidermacosmetics.com\/wp-content\/uploads\/2025\/05\/icon-1-180x180.png\" height=\"180\" width=\"180\" alt=\"\" class=\"slider-2755 slide-2814 msDefaultImage\" title=\"icon-1\" \/><\/li>\n                <li style=\"display: none; width: 100%;\" class=\"slide-2812 ms-image \" aria-roledescription=\"slide\" data-date=\"2025-05-28 15:09:18\" data-filename=\"icon-3-180x180.png\" data-slide-type=\"image\"><img loading=\"lazy\" decoding=\"async\" src=\"https:\/\/baharsanlidermacosmetics.com\/wp-content\/uploads\/2025\/05\/icon-3-180x180.png\" height=\"180\" width=\"180\" alt=\"\" class=\"slider-2755 slide-2812 msDefaultImage\" title=\"icon-3\" \/><\/li>\n                <li style=\"display: none; width: 100%;\" class=\"slide-2815 ms-image \" aria-roledescription=\"slide\" data-date=\"2025-05-28 15:12:29\" data-filename=\"icon-2-180x180.png\" data-slide-type=\"image\"><img loading=\"lazy\" decoding=\"async\" src=\"https:\/\/baharsanlidermacosmetics.com\/wp-content\/uploads\/2025\/05\/icon-2-180x180.png\" height=\"180\" width=\"180\" alt=\"\" class=\"slider-2755 slide-2815 msDefaultImage\" title=\"icon-2\" \/><\/li>\n                <li style=\"display: none; width: 100%;\" class=\"slide-2816 ms-image \" aria-roledescription=\"slide\" data-date=\"2025-05-28 15:12:37\" data-filename=\"icon-1-180x180.png\" data-slide-type=\"image\"><img loading=\"lazy\" decoding=\"async\" src=\"https:\/\/baharsanlidermacosmetics.com\/wp-content\/uploads\/2025\/05\/icon-1-180x180.png\" height=\"180\" width=\"180\" alt=\"\" class=\"slider-2755 slide-2816 msDefaultImage\" title=\"icon-1\" \/><\/li>\n                <li style=\"display: none; width: 100%;\" class=\"slide-2817 ms-image \" aria-roledescription=\"slide\" data-date=\"2025-05-28 15:12:46\" data-filename=\"icon-3-180x180.png\" data-slide-type=\"image\"><img loading=\"lazy\" decoding=\"async\" src=\"https:\/\/baharsanlidermacosmetics.com\/wp-content\/uploads\/2025\/05\/icon-3-180x180.png\" height=\"180\" width=\"180\" alt=\"\" class=\"slider-2755 slide-2817 msDefaultImage\" title=\"icon-3\" \/><\/li>\n            <\/ul>\n        <\/div>\n        \n    <\/div>\n<\/div><\/center>\n\t\t<\/div>\n\t<\/div>\n<\/div><\/div><\/div><\/div><\/div>\n<\/div>","protected":false},"excerpt":{"rendered":"Bahar \u015eanl\u0131 Dermacosmetics Bilim ve G\u00fcvenin Bulu\u015ftu\u011fu Nokta Sa\u011fl\u0131k ve g\u00fczellik sekt\u00f6r\u00fcndeki 20 y\u0131l\u0131 a\u015fk\u0131n deneyimimizle \u015fekillenen Bahar \u015eanl\u0131 Dermacosmetics, y\u00fcksek standartlara sahip dermokozmetik \u00e7\u00f6z\u00fcmler sunma misyonuyla yola \u00e7\u0131km\u0131\u015ft\u0131r. Sekiz y\u0131ll\u0131k titiz Ar-Ge \u00e7al\u0131\u015fmalar\u0131 sonucunda geli\u015ftirilen form\u00fcllerimiz, klinik testlerden ba\u015far\u0131yla","protected":false},"author":1,"featured_media":0,"parent":0,"menu_order":0,"comment_status":"closed","ping_status":"closed","template":"page-templates\/fullwidth.php","meta":{"footnotes":""},"class_list":["post-53","page","type-page","status-publish","hentry"],"_links":{"self":[{"href":"https:\/\/baharsanlidermacosmetics.com\/index.php?rest_route=\/wp\/v2\/pages\/53","targetHints":{"allow":["GET"]}}],"collection":[{"href":"https:\/\/baharsanlidermacosmetics.com\/index.php?rest_route=\/wp\/v2\/pages"}],"about":[{"href":"https:\/\/baharsanlidermacosmetics.com\/index.php?rest_route=\/wp\/v2\/types\/page"}],"author":[{"embeddable":true,"href":"https:\/\/baharsanlidermacosmetics.com\/index.php?rest_route=\/wp\/v2\/users\/1"}],"replies":[{"embeddable":true,"href":"https:\/\/baharsanlidermacosmetics.com\/index.php?rest_route=%2Fwp%2Fv2%2Fcomments&post=53"}],"version-history":[{"count":0,"href":"https:\/\/baharsanlidermacosmetics.com\/index.php?rest_route=\/wp\/v2\/pages\/53\/revisions"}],"wp:attachment":[{"href":"https:\/\/baharsanlidermacosmetics.com\/index.php?rest_route=%2Fwp%2Fv2%2Fmedia&parent=53"}],"curies":[{"name":"wp","href":"https:\/\/api.w.org\/{rel}","templated":true}]}}