{"id":1764,"date":"2025-04-10T21:52:06","date_gmt":"2025-04-10T21:52:06","guid":{"rendered":"https:\/\/baharsanlidermacosmetics.com\/sepet\/"},"modified":"2025-04-22T04:58:02","modified_gmt":"2025-04-22T04:58:02","slug":"sepet","status":"publish","type":"page","link":"https:\/\/baharsanlidermacosmetics.com\/?page_id=1764","title":{"rendered":"Sepet"},"content":{"rendered":"\n<div data-block-name=\"woocommerce\/cart\" class=\"wp-block-woocommerce-cart alignwide is-loading\">\n<div data-block-name=\"woocommerce\/filled-cart-block\" class=\"wp-block-woocommerce-filled-cart-block\">\n<div data-block-name=\"woocommerce\/cart-items-block\" class=\"wp-block-woocommerce-cart-items-block\">\n<div data-block-name=\"woocommerce\/cart-line-items-block\" class=\"wp-block-woocommerce-cart-line-items-block\"><\/div>\n\n\n\n<div data-block-name=\"woocommerce\/cart-cross-sells-block\" class=\"wp-block-woocommerce-cart-cross-sells-block\">\n<h2 class=\"wp-block-heading has-large-font-size\">\u0130lginizi \u00e7ekebilir\u2026<\/h2>\n\n\n\n<div data-block-name=\"woocommerce\/cart-cross-sells-products-block\" class=\"wp-block-woocommerce-cart-cross-sells-products-block\"><\/div>\n<\/div>\n<\/div>\n\n\n\n<div data-block-name=\"woocommerce\/cart-totals-block\" class=\"wp-block-woocommerce-cart-totals-block\">\n<div data-block-name=\"woocommerce\/cart-order-summary-block\" class=\"wp-block-woocommerce-cart-order-summary-block\">\n<div data-block-name=\"woocommerce\/cart-order-summary-heading-block\" class=\"wp-block-woocommerce-cart-order-summary-heading-block\"><\/div><div data-block-name=\"woocommerce\/cart-order-summary-coupon-form-block\" class=\"wp-block-woocommerce-cart-order-summary-coupon-form-block\"><\/div><div data-block-name=\"woocommerce\/cart-order-summary-totals-block\" class=\"wp-block-woocommerce-cart-order-summary-totals-block\">\n<div data-block-name=\"woocommerce\/cart-order-summary-subtotal-block\" class=\"wp-block-woocommerce-cart-order-summary-subtotal-block\"><\/div>\n<div data-block-name=\"woocommerce\/cart-order-summary-discount-block\" class=\"wp-block-woocommerce-cart-order-summary-discount-block\"><\/div>\n<div data-block-name=\"woocommerce\/cart-order-summary-fee-block\" class=\"wp-block-woocommerce-cart-order-summary-fee-block\"><\/div>\n<div data-block-name=\"woocommerce\/cart-order-summary-shipping-block\" class=\"wp-block-woocommerce-cart-order-summary-shipping-block\"><\/div>\n<div data-block-name=\"woocommerce\/cart-order-summary-taxes-block\" class=\"wp-block-woocommerce-cart-order-summary-taxes-block\"><\/div><\/div>\n<\/div>\n\n\n\n<div data-block-name=\"woocommerce\/cart-express-payment-block\" class=\"wp-block-woocommerce-cart-express-payment-block\"><\/div>\n\n\n\n<div data-block-name=\"woocommerce\/proceed-to-checkout-block\" class=\"wp-block-woocommerce-proceed-to-checkout-block\"><\/div>\n\n\n\n<div data-block-name=\"woocommerce\/cart-accepted-payment-methods-block\" class=\"wp-block-woocommerce-cart-accepted-payment-methods-block\"><\/div>\n<\/div>\n<\/div>\n\n\n\n<div data-block-name=\"woocommerce\/empty-cart-block\" class=\"wp-block-woocommerce-empty-cart-block\">\n<h2 class=\"wp-block-heading has-text-align-center with-empty-cart-icon wc-block-cart__empty-cart__title\">Sepetiniz \u015fu anda bo\u015f!<\/h2>\n\n\n\n<hr class=\"wp-block-separator has-alpha-channel-opacity is-style-dots\"\/>\n\n\n\n<h2 class=\"wp-block-heading has-text-align-center\">Ma\u011fazada yeni<\/h2>\n\n\n<div data-block-name=\"woocommerce\/product-new\" data-columns=\"4\" data-rows=\"1\" class=\"wc-block-grid wp-block-product-new wp-block-woocommerce-product-new wc-block-product-new has-4-columns\"><ul class=\"wc-block-grid__products\"><li class=\"wc-block-grid__product\">\n\t\t\t\t<a href=\"https:\/\/baharsanlidermacosmetics.com\/?product=moisturizing-anti-pore-cleansing-oil-200-ml\" class=\"wc-block-grid__product-link\">\n\t\t\t\t\t\n\t\t\t\t\t<div class=\"wc-block-grid__product-image\"><img loading=\"lazy\" decoding=\"async\" width=\"300\" height=\"300\" src=\"https:\/\/baharsanlidermacosmetics.com\/wp-content\/uploads\/2025\/04\/web-urunler-8-300x300.png\" class=\"attachment-woocommerce_thumbnail size-woocommerce_thumbnail\" alt=\"G\u00f6zenek Olu\u015fumu Kar\u015f\u0131t\u0131 Nemlendirici Temizleme Ya\u011f\u0131 200 ml\" srcset=\"https:\/\/baharsanlidermacosmetics.com\/wp-content\/uploads\/2025\/04\/web-urunler-8-300x300.png 300w, https:\/\/baharsanlidermacosmetics.com\/wp-content\/uploads\/2025\/04\/web-urunler-8-150x150.png 150w, https:\/\/baharsanlidermacosmetics.com\/wp-content\/uploads\/2025\/04\/web-urunler-8-600x600.png 600w, https:\/\/baharsanlidermacosmetics.com\/wp-content\/uploads\/2025\/04\/web-urunler-8-768x768.png 768w, https:\/\/baharsanlidermacosmetics.com\/wp-content\/uploads\/2025\/04\/web-urunler-8.png 900w\" sizes=\"auto, (max-width: 300px) 100vw, 300px\" \/><\/div>\n\t\t\t\t\t<div class=\"wc-block-grid__product-title\">G\u00f6zenek Olu\u015fumu Kar\u015f\u0131t\u0131 Nemlendirici Temizleme Ya\u011f\u0131 200 ml<\/div>\n\t\t\t\t<\/a>\n\t\t\t\t<div class=\"wc-block-grid__product-price price\"><span class=\"woocommerce-Price-amount amount\"><span class=\"woocommerce-Price-currencySymbol\">&#8378;<\/span>1.500<\/span><\/div>\n\t\t\t\t\n\t\t\t\t<div class=\"wp-block-button wc-block-grid__product-add-to-cart\"><a href=\"https:\/\/baharsanlidermacosmetics.com\/?product=moisturizing-anti-pore-cleansing-oil-200-ml\" aria-label=\"&ldquo;G\u00f6zenek Olu\u015fumu Kar\u015f\u0131t\u0131 Nemlendirici Temizleme Ya\u011f\u0131 200 ml&rdquo; hakk\u0131nda daha fazla bilgi edinin\" data-quantity=\"1\" data-product_id=\"1897\" data-product_sku=\"\" data-price=\"1500\" rel=\"nofollow\" class=\"wp-block-button__link  add_to_cart_button\">Devam\u0131n\u0131 oku<\/a><\/div>\n\t\t\t<\/li><li class=\"wc-block-grid__product\">\n\t\t\t\t<a href=\"https:\/\/baharsanlidermacosmetics.com\/?product=micro-granule-peeling-gel-200-ml\" class=\"wc-block-grid__product-link\">\n\t\t\t\t\t\n\t\t\t\t\t<div class=\"wc-block-grid__product-image\"><img loading=\"lazy\" decoding=\"async\" width=\"300\" height=\"300\" src=\"https:\/\/baharsanlidermacosmetics.com\/wp-content\/uploads\/2025\/04\/web-urunler-7-300x300.png\" class=\"attachment-woocommerce_thumbnail size-woocommerce_thumbnail\" alt=\"Mikro Tanecikli Peeling Jel 200 ml\" srcset=\"https:\/\/baharsanlidermacosmetics.com\/wp-content\/uploads\/2025\/04\/web-urunler-7-300x300.png 300w, https:\/\/baharsanlidermacosmetics.com\/wp-content\/uploads\/2025\/04\/web-urunler-7-150x150.png 150w, https:\/\/baharsanlidermacosmetics.com\/wp-content\/uploads\/2025\/04\/web-urunler-7-600x600.png 600w, https:\/\/baharsanlidermacosmetics.com\/wp-content\/uploads\/2025\/04\/web-urunler-7-768x768.png 768w, https:\/\/baharsanlidermacosmetics.com\/wp-content\/uploads\/2025\/04\/web-urunler-7.png 900w\" sizes=\"auto, (max-width: 300px) 100vw, 300px\" \/><\/div>\n\t\t\t\t\t<div class=\"wc-block-grid__product-title\">Mikro Tanecikli Peeling Jel 200 ml<\/div>\n\t\t\t\t<\/a>\n\t\t\t\t<div class=\"wc-block-grid__product-price price\"><span class=\"woocommerce-Price-amount amount\"><span class=\"woocommerce-Price-currencySymbol\">&#8378;<\/span>1.500<\/span><\/div>\n\t\t\t\t\n\t\t\t\t<div class=\"wp-block-button wc-block-grid__product-add-to-cart\"><a href=\"https:\/\/baharsanlidermacosmetics.com\/?product=micro-granule-peeling-gel-200-ml\" aria-label=\"&ldquo;Mikro Tanecikli Peeling Jel 200 ml&rdquo; hakk\u0131nda daha fazla bilgi edinin\" data-quantity=\"1\" data-product_id=\"1895\" data-product_sku=\"\" data-price=\"1500\" rel=\"nofollow\" class=\"wp-block-button__link  add_to_cart_button\">Devam\u0131n\u0131 oku<\/a><\/div>\n\t\t\t<\/li><li class=\"wc-block-grid__product\">\n\t\t\t\t<a href=\"https:\/\/baharsanlidermacosmetics.com\/?product=vitamin-c-serum-30-ml\" class=\"wc-block-grid__product-link\">\n\t\t\t\t\t\n\t\t\t\t\t<div class=\"wc-block-grid__product-image\"><img loading=\"lazy\" decoding=\"async\" width=\"300\" height=\"300\" src=\"https:\/\/baharsanlidermacosmetics.com\/wp-content\/uploads\/2025\/04\/web-urunler-10-300x300.png\" class=\"attachment-woocommerce_thumbnail size-woocommerce_thumbnail\" alt=\"C Vitamini Serum 30 ml\" srcset=\"https:\/\/baharsanlidermacosmetics.com\/wp-content\/uploads\/2025\/04\/web-urunler-10-300x300.png 300w, https:\/\/baharsanlidermacosmetics.com\/wp-content\/uploads\/2025\/04\/web-urunler-10-150x150.png 150w, https:\/\/baharsanlidermacosmetics.com\/wp-content\/uploads\/2025\/04\/web-urunler-10-600x600.png 600w, https:\/\/baharsanlidermacosmetics.com\/wp-content\/uploads\/2025\/04\/web-urunler-10-768x768.png 768w, https:\/\/baharsanlidermacosmetics.com\/wp-content\/uploads\/2025\/04\/web-urunler-10.png 900w\" sizes=\"auto, (max-width: 300px) 100vw, 300px\" \/><\/div>\n\t\t\t\t\t<div class=\"wc-block-grid__product-title\">C Vitamini Serum 30 ml<\/div>\n\t\t\t\t<\/a>\n\t\t\t\t<div class=\"wc-block-grid__product-price price\"><span class=\"woocommerce-Price-amount amount\"><span class=\"woocommerce-Price-currencySymbol\">&#8378;<\/span>1.500<\/span><\/div>\n\t\t\t\t\n\t\t\t\t<div class=\"wp-block-button wc-block-grid__product-add-to-cart\"><a href=\"https:\/\/baharsanlidermacosmetics.com\/?product=vitamin-c-serum-30-ml\" aria-label=\"&ldquo;C Vitamini Serum 30 ml&rdquo; hakk\u0131nda daha fazla bilgi edinin\" data-quantity=\"1\" data-product_id=\"1894\" data-product_sku=\"\" data-price=\"1500\" rel=\"nofollow\" class=\"wp-block-button__link  add_to_cart_button\">Devam\u0131n\u0131 oku<\/a><\/div>\n\t\t\t<\/li><li class=\"wc-block-grid__product\">\n\t\t\t\t<a href=\"https:\/\/baharsanlidermacosmetics.com\/?product=intensive-moisturizing-hyaluronic-acid-serum-30-ml\" class=\"wc-block-grid__product-link\">\n\t\t\t\t\t\n\t\t\t\t\t<div class=\"wc-block-grid__product-image\"><img loading=\"lazy\" decoding=\"async\" width=\"300\" height=\"300\" src=\"https:\/\/baharsanlidermacosmetics.com\/wp-content\/uploads\/2025\/04\/web-urunler-9-300x300.png\" class=\"attachment-woocommerce_thumbnail size-woocommerce_thumbnail\" alt=\"Yo\u011fun Nemlendirici Hyal\u00fcronik Asit Serum 30 ml\" srcset=\"https:\/\/baharsanlidermacosmetics.com\/wp-content\/uploads\/2025\/04\/web-urunler-9-300x300.png 300w, https:\/\/baharsanlidermacosmetics.com\/wp-content\/uploads\/2025\/04\/web-urunler-9-150x150.png 150w, https:\/\/baharsanlidermacosmetics.com\/wp-content\/uploads\/2025\/04\/web-urunler-9-600x600.png 600w, https:\/\/baharsanlidermacosmetics.com\/wp-content\/uploads\/2025\/04\/web-urunler-9-768x768.png 768w, https:\/\/baharsanlidermacosmetics.com\/wp-content\/uploads\/2025\/04\/web-urunler-9.png 900w\" sizes=\"auto, (max-width: 300px) 100vw, 300px\" \/><\/div>\n\t\t\t\t\t<div class=\"wc-block-grid__product-title\">Yo\u011fun Nemlendirici Hyal\u00fcronik Asit Serum 30 ml<\/div>\n\t\t\t\t<\/a>\n\t\t\t\t<div class=\"wc-block-grid__product-price price\"><span class=\"woocommerce-Price-amount amount\"><span class=\"woocommerce-Price-currencySymbol\">&#8378;<\/span>1.500<\/span><\/div>\n\t\t\t\t\n\t\t\t\t<div class=\"wp-block-button wc-block-grid__product-add-to-cart\"><a href=\"https:\/\/baharsanlidermacosmetics.com\/?product=intensive-moisturizing-hyaluronic-acid-serum-30-ml\" aria-label=\"&ldquo;Yo\u011fun Nemlendirici Hyal\u00fcronik Asit Serum 30 ml&rdquo; hakk\u0131nda daha fazla bilgi edinin\" data-quantity=\"1\" data-product_id=\"1893\" data-product_sku=\"\" data-price=\"1500\" rel=\"nofollow\" class=\"wp-block-button__link  add_to_cart_button\">Devam\u0131n\u0131 oku<\/a><\/div>\n\t\t\t<\/li><\/ul><\/div><\/div>\n<\/div>\n","protected":false},"excerpt":{"rendered":"\u0130lginizi \u00e7ekebilir\u2026 Sepetiniz \u015fu anda bo\u015f! Ma\u011fazada yeni","protected":false},"author":1,"featured_media":0,"parent":0,"menu_order":0,"comment_status":"closed","ping_status":"closed","template":"","meta":{"footnotes":""},"class_list":["post-1764","page","type-page","status-publish","hentry"],"_links":{"self":[{"href":"https:\/\/baharsanlidermacosmetics.com\/index.php?rest_route=\/wp\/v2\/pages\/1764","targetHints":{"allow":["GET"]}}],"collection":[{"href":"https:\/\/baharsanlidermacosmetics.com\/index.php?rest_route=\/wp\/v2\/pages"}],"about":[{"href":"https:\/\/baharsanlidermacosmetics.com\/index.php?rest_route=\/wp\/v2\/types\/page"}],"author":[{"embeddable":true,"href":"https:\/\/baharsanlidermacosmetics.com\/index.php?rest_route=\/wp\/v2\/users\/1"}],"replies":[{"embeddable":true,"href":"https:\/\/baharsanlidermacosmetics.com\/index.php?rest_route=%2Fwp%2Fv2%2Fcomments&post=1764"}],"version-history":[{"count":0,"href":"https:\/\/baharsanlidermacosmetics.com\/index.php?rest_route=\/wp\/v2\/pages\/1764\/revisions"}],"wp:attachment":[{"href":"https:\/\/baharsanlidermacosmetics.com\/index.php?rest_route=%2Fwp%2Fv2%2Fmedia&parent=1764"}],"curies":[{"name":"wp","href":"https:\/\/api.w.org\/{rel}","templated":true}]}}